{"id":4263,"date":"2019-02-27T17:50:23","date_gmt":"2019-02-27T17:50:23","guid":{"rendered":"https:\/\/rightsatworkwa.org\/acerca-de\/"},"modified":"2023-11-14T19:42:28","modified_gmt":"2023-11-14T19:42:28","slug":"acerca-de","status":"publish","type":"page","link":"https:\/\/rightsatworkwa.org\/es\/acerca-de\/","title":{"rendered":"Acerca de"},"content":{"rendered":"<p>[et_pb_section fb_built=&#8221;1&#8243; _builder_version=&#8221;3.24&#8243; background_color=&#8221;#dd0e3b&#8221; custom_padding=&#8221;||24px|||&#8221; locked=&#8221;off&#8221;][et_pb_row _builder_version=&#8221;3.25&#8243;][et_pb_column type=&#8221;4_4&#8243; _builder_version=&#8221;3.25&#8243; custom_padding=&#8221;|||&#8221; custom_padding__hover=&#8221;|||&#8221;][et_pb_text _builder_version=&#8221;3.27.4&#8243; text_font=&#8221;||||||||&#8221; text_text_color=&#8221;#eeeeee&#8221; header_font=&#8221;||||||||&#8221; header_text_align=&#8221;center&#8221; header_text_color=&#8221;#f7f7f7&#8243; header_font_size=&#8221;45px&#8221; header_5_font=&#8221;||||||||&#8221; header_5_text_align=&#8221;center&#8221; header_5_text_color=&#8221;#ff8a93&#8243; header_5_font_size=&#8221;25px&#8221; text_orientation=&#8221;center&#8221; text_text_align=&#8221;center&#8221;]<\/p>\n<h1>Acerca de este proyecto<\/h1>\n<p>[\/et_pb_text][\/et_pb_column][\/et_pb_row][\/et_pb_section][et_pb_section fb_built=&#8221;1&#8243; _builder_version=&#8221;3.24&#8243; background_color=&#8221;#f7f7f7&#8243; custom_padding=&#8221;22px||18px|||&#8221;][et_pb_row _builder_version=&#8221;3.25&#8243;][et_pb_column type=&#8221;4_4&#8243; _builder_version=&#8221;3.25&#8243; custom_padding=&#8221;|||&#8221; custom_padding__hover=&#8221;|||&#8221;][et_pb_image src=&#8221;\/wp-content\/uploads\/2019\/07\/LERC-SSC-Logo.png&#8221; align=&#8221;center&#8221; _builder_version=&#8221;3.24&#8243; width=&#8221;200px&#8221;][\/et_pb_image][et_pb_text _builder_version=&#8221;4.8.1&#8243; header_font=&#8221;||||||||&#8221; header_2_font=&#8221;||||||||&#8221; header_2_text_align=&#8221;center&#8221; locked=&#8221;off&#8221;]<\/p>\n<h2>Centro de Trabajo \u00a1Bienvenidos!<\/h2>\n<p>&nbsp;<\/p>\n<p>El movimiento obrero y sus aliados comunitarios trabajan constantemente para reforzar y consolidar nuestros derechos en el trabajo, luchando y consiguiendo protecciones a escala local, estatal y federal. En el Centro Laboral ense\u00f1amos a los trabajadores los derechos conquistados. Uno de nuestros objetivos es garantizar que cada trabajador tenga acceso a buenas herramientas para conocer sus derechos en el trabajo, c\u00f3mo protegerlos y qu\u00e9 recursos hay disponibles para ayudarle.<\/p>\n<p>Esta 5\u00aa edici\u00f3n del Manual de los derechos de los trabajadores tiene un nuevo enfoque: los cinco derechos b\u00e1sicos que todos los trabajadores deben disfrutar en su lugar de trabajo. Hay literalmente cientos de leyes que afectan al empleo y al trabajo, aplicadas (o no) por organismos gubernamentales locales, estatales y federales. La mayor\u00eda de ellos entran dentro de una de las cinco categor\u00edas que destaca este manual:<\/p>\n<ul style=\"margin-left: 20px;\">\n<li><em><a href=\"https:\/\/rightsatworkwa.org\/know-your-rights\/your-right-to-be-paid\/\">Derecho a cobrar<\/a><\/em><\/li>\n<li><em><a href=\"https:\/\/rightsatworkwa.org\/know-your-rights\/your-right-to-take-care-of-yourself-your-family\/\">Derecho a cuidar de s\u00ed mismo y de su familia<\/a><\/em><\/li>\n<li><em><a href=\"https:\/\/rightsatworkwa.org\/know-your-rights\/your-right-to-be-free-of-discrimination\/\">Derecho a no sufrir discriminaci\u00f3n<\/a><\/em><\/li>\n<li><em><a href=\"https:\/\/rightsatworkwa.org\/know-your-rights\/your-right-to-be-safe-at-work\/\">Derecho a la seguridad en el trabajo<\/a><\/em><\/li>\n<li><em><a href=\"https:\/\/rightsatworkwa.org\/know-your-rights\/your-right-to-organize\/\">El derecho a organizarse<\/a><\/em><\/li>\n<\/ul>\n<p>Adem\u00e1s, hemos intentado que la informaci\u00f3n sobre los derechos de los trabajadores sea m\u00e1s accesible y f\u00e1cil de utilizar. Utilizando este nuevo marco y trasladando el manual a un sitio web apto para m\u00f3viles, podemos contribuir a que esta informaci\u00f3n llegue a todas partes.<\/p>\n<p>En nombre del Centro Laboral y de nuestros socios comunitarios y laborales, damos las gracias a los trabajadores de todo el mundo y de toda la historia que luchan y se sacrifican por los derechos de todos nosotros.<\/p>\n<p>Adair Dammann, Director<br \/>Centro de Educaci\u00f3n e Investigaci\u00f3n Laboral del Estado de Washington<br \/><em>Universidad del Sur de Seattle<\/em><\/p>\n<p>&nbsp;<\/p>\n<p>[\/et_pb_text][\/et_pb_column][\/et_pb_row][\/et_pb_section][et_pb_section fb_built=&#8221;1&#8243; _builder_version=&#8221;3.24&#8243; background_color=&#8221;#7a152d&#8221; custom_padding=&#8221;22px||36px|||&#8221;][et_pb_row _builder_version=&#8221;3.25&#8243;][et_pb_column type=&#8221;4_4&#8243; _builder_version=&#8221;3.25&#8243; custom_padding=&#8221;|||&#8221; custom_padding__hover=&#8221;|||&#8221;][et_pb_text _builder_version=&#8221;3.27.4&#8243; text_font=&#8221;||||||||&#8221; text_text_color=&#8221;#f7f7f7&#8243; header_font=&#8221;||||||||&#8221; header_2_font=&#8221;||||||||&#8221; header_2_text_align=&#8221;center&#8221; header_2_text_color=&#8221;#ff8a93&#8243; locked=&#8221;off&#8221;]<\/p>\n<h2>Introducci\u00f3n a la 5\u00aa Edici\u00f3n<\/h2>\n<div class=\"et_pb_row_inner et_pb_row_inner_2 lerc-page-contents\">\n<div class=\"et_pb_column et_pb_column_4_4 et_pb_column_inner et_pb_column_inner_2 et-last-child\">\n<div class=\"et_pb_with_border et_pb_module et_pb_text et_pb_text_9 et_pb_bg_layout_light et_pb_text_align_left\">\n<div class=\"et_pb_text_inner\">\n<p>&nbsp;<\/p>\n<p>Esta versi\u00f3n en l\u00ednea del Manual de Derechos de los Trabajadores est\u00e1 escrita para ser una gu\u00eda de referencia f\u00e1cil de usar sobre los derechos en el lugar de trabajo cubiertos por las leyes federales, estatales y locales. Sin embargo, esto no sustituye al asesoramiento jur\u00eddico. Si necesita asistencia jur\u00eddica pr\u00e1ctica, p\u00f3ngase en contacto con un abogado o con uno de los servicios comunitarios enumerados en el cap\u00edtulo de recursos al final del manual.  <\/p>\n<p>Si desea un ejemplar de este manual y no puede descargarlo e imprimirlo desde el sitio web, o si desea que su organizaci\u00f3n se a\u00f1ada a la secci\u00f3n de recursos, p\u00f3ngase en contacto con nosotros en el Centro Laboral. El Centro Laboral no asume responsabilidad alguna por el contenido de los materiales enlazados.<\/p>\n<p>Esperamos que esta \u00faltima gu\u00eda en l\u00ednea le resulte \u00fatil. Por favor, env\u00edenos sus comentarios a trav\u00e9s del formulario de comentarios en <a style=\"color:#73b0ed;\" href=\"https:\/\/rightsatworkwa.org\/es\/\"><br \/>\n  <b><br \/>\n    <i>RightsAtWorkWA.org<\/i><br \/>\n  <\/b><br \/>\n<\/a>.  <\/p>\n<p>David West  <br \/>Centro de Educaci\u00f3n e Investigaci\u00f3n Laboral del Estado de Washington<br \/><em>Universidad del Sur de Seattle<\/em><\/p>\n<\/div>\n<\/div>\n<\/div>\n<\/div>\n<p>[\/et_pb_text][\/et_pb_column][\/et_pb_row][\/et_pb_section][et_pb_section fb_built=&#8221;1&#8243; _builder_version=&#8221;3.24&#8243; background_color=&#8221;#f7f7f7&#8243; custom_padding=&#8221;23px|||||&#8221;][et_pb_row _builder_version=&#8221;3.25&#8243;][et_pb_column type=&#8221;4_4&#8243; _builder_version=&#8221;3.25&#8243; custom_padding=&#8221;|||&#8221; custom_padding__hover=&#8221;|||&#8221;][et_pb_text _builder_version=&#8221;4.8.1&#8243; header_font=&#8221;||||||||&#8221; header_2_font=&#8221;||||||||&#8221; header_2_text_align=&#8221;center&#8221; hover_enabled=&#8221;0&#8243; locked=&#8221;off&#8221; sticky_enabled=&#8221;0&#8243;]<\/p>\n<h2>Acerca del Centro de Educaci\u00f3n e Investigaci\u00f3n Laboral de Washington<\/h2>\n<p>&nbsp;<\/p>\n<p>La misi\u00f3n del Centro de Educaci\u00f3n e Investigaci\u00f3n Laboral del Estado de Washington es ofrecer programas de investigaci\u00f3n, educaci\u00f3n y formaci\u00f3n de alta calidad para las mujeres y hombres trabajadores del Estado de Washington. Adem\u00e1s de publicar este manual\/sitio web, el Centro Laboral desarrolla las capacidades, la confianza y los conocimientos que los trabajadores necesitan para mejorar su vida laboral y sus comunidades, y promover una econom\u00eda justa a trav\u00e9s de la acci\u00f3n colectiva. Como programa \u00fanico dentro de la educaci\u00f3n superior en el estado, utilizamos las mejores pr\u00e1cticas de la educaci\u00f3n de adultos para servir a nuestra fuerza laboral din\u00e1mica y diversa.<\/p>\n<p>Centro de Educaci\u00f3n e Investigaci\u00f3n Laboral del Estado de Washington<\/p>\n<p>SCC Campus de Georgetown<\/p>\n<p>6737 Corson Ave S, Seattle, WA 98108, Edificio B Sala 106<\/p>\n<p><em>Tel: <\/em><a href=\"tel:206-934-6671\">206.934.6671<\/a><\/p>\n<p><em>P\u00e1gina web:<\/em> <a href=\"http:\/\/WaLaborCenter.org\" target=\"_blank\" rel=\"noopener noreferrer\">http:\/\/WaLaborCenter.org<\/a><\/p>\n<p>[\/et_pb_text][\/et_pb_column][\/et_pb_row][\/et_pb_section][et_pb_section fb_built=&#8221;1&#8243; _builder_version=&#8221;3.24&#8243; background_color=&#8221;#eeeeee&#8221; background_color_gradient_direction=&#8221;90deg&#8221; custom_margin=&#8221;0px||0px&#8221; custom_padding=&#8221;0px|0px|0px|0px|false|false&#8221; locked=&#8221;off&#8221;][et_pb_row column_structure=&#8221;1_3,1_3,1_3&#8243; use_custom_gutter=&#8221;on&#8221; gutter_width=&#8221;1&#8243; _builder_version=&#8221;3.25&#8243; width=&#8221;100%&#8221; max_width=&#8221;100%&#8221; custom_padding=&#8221;0px||0px&#8221;][et_pb_column type=&#8221;1_3&#8243; _builder_version=&#8221;3.25&#8243; background_color=&#8221;#dd0e3b&#8221; custom_padding=&#8221;100px|40px|100px|40px&#8221; custom_padding__hover=&#8221;|||&#8221;][et_pb_text _builder_version=&#8221;3.27.4&#8243; text_font=&#8221;||||||||&#8221; header_font=&#8221;||||||||&#8221; header_text_color=&#8221;#f7f7f7&#8243; header_font_size=&#8221;40px&#8221; header_3_font=&#8221;||||||||&#8221; header_3_text_color=&#8221;#f7f7f7&#8243; header_3_font_size=&#8221;42px&#8221; header_3_line_height=&#8221;1.3em&#8221; text_orientation=&#8221;center&#8221; custom_margin=&#8221;||40px&#8221; text_text_align=&#8221;center&#8221;]<\/p>\n<h3>Explore su<br \/>\n5 Derechos fundamentales<\/h3>\n<p>[\/et_pb_text][et_pb_button button_url=&#8221;https:\/\/rightsatworkwa.org\/know-your-rights\/&#8221; button_text=&#8221;Descubra sus derechos&#8221; button_alignment=&#8221;center&#8221; _builder_version=&#8221;3.24&#8243; custom_button=&#8221;on&#8221; button_text_color=&#8221;#dd0e3b&#8221; button_bg_color=&#8221;#f7f7f7&#8243; button_border_width=&#8221;0px&#8221; button_font=&#8221;||||||||&#8221; button_icon=&#8221;%%52%%&#8221; button_icon_color=&#8221;#dd0e3b&#8221; box_shadow_style=&#8221;preset2&#8243;][\/et_pb_button][\/et_pb_column][et_pb_column type=&#8221;1_3&#8243; _builder_version=&#8221;3.25&#8243; background_color=&#8221;#d1d1d1&#8243; custom_padding=&#8221;100px|40px|100px|40px&#8221; custom_padding__hover=&#8221;|||&#8221;][et_pb_text _builder_version=&#8221;3.27.4&#8243; text_font=&#8221;||||||||&#8221; header_font=&#8221;||||||||&#8221; header_text_color=&#8221;#f7f7f7&#8243; header_font_size=&#8221;40px&#8221; header_3_font=&#8221;||||||||&#8221; header_3_text_color=&#8221;#7a152d&#8221; header_3_font_size=&#8221;42px&#8221; header_3_line_height=&#8221;1.3em&#8221; text_orientation=&#8221;center&#8221; custom_margin=&#8221;||40px&#8221; text_text_align=&#8221;center&#8221;]<\/p>\n<h3>Ver\/Descargar el<br \/>\nManual completo<\/h3>\n<p>[\/et_pb_text][et_pb_button button_url=&#8221;https:\/\/rightsatworkwa.org\/full-manual\/&#8221; button_text=&#8221;Ver manual completo&#8221; button_alignment=&#8221;center&#8221; _builder_version=&#8221;3.24&#8243; custom_button=&#8221;on&#8221; button_text_color=&#8221;#7a152d&#8221; button_bg_color=&#8221;#f7f7f7&#8243; button_border_width=&#8221;0px&#8221; button_font=&#8221;||||||||&#8221; button_icon=&#8221;%%72%%&#8221; button_icon_color=&#8221;#7a152d&#8221; box_shadow_style=&#8221;preset2&#8243;][\/et_pb_button][\/et_pb_column][et_pb_column type=&#8221;1_3&#8243; _builder_version=&#8221;3.25&#8243; background_color=&#8221;#196ec2&#8243; custom_padding=&#8221;100px|40px|100px|40px&#8221; custom_padding__hover=&#8221;|||&#8221;][et_pb_text _builder_version=&#8221;3.27.4&#8243; text_font=&#8221;||||||||&#8221; header_font=&#8221;||||||||&#8221; header_text_color=&#8221;#f7f7f7&#8243; header_font_size=&#8221;40px&#8221; header_3_font=&#8221;||||||||&#8221; header_3_text_color=&#8221;#f7f7f7&#8243; header_3_font_size=&#8221;42px&#8221; header_3_line_height=&#8221;1.3em&#8221; text_orientation=&#8221;center&#8221; custom_margin=&#8221;||40px&#8221; text_text_align=&#8221;center&#8221;]<\/p>\n<h3>Comp\u00e1rtelo con<br \/>\nCompa\u00f1eros de trabajo<\/h3>\n<p>[\/et_pb_text][et_pb_button button_url=&#8221;https:\/\/www.addtoany.com\/share#url=http%3A%2F%2Flerc-dev.flywheelsites.com%2F&#8221; url_new_window=&#8221;on&#8221; button_text=&#8221;H\u00e1gales saber&#8221; button_alignment=&#8221;center&#8221; _builder_version=&#8221;3.24&#8243; custom_button=&#8221;on&#8221; button_text_color=&#8221;#196ec2&#8243; button_bg_color=&#8221;#f7f7f7&#8243; button_border_width=&#8221;0px&#8221; button_font=&#8221;||||||||&#8221; button_icon=&#8221;%%136%%&#8221; button_icon_color=&#8221;#196ec2&#8243; box_shadow_style=&#8221;preset2&#8243;][\/et_pb_button][\/et_pb_column][\/et_pb_row][\/et_pb_section]<\/p>\n","protected":false},"excerpt":{"rendered":"<p>Acerca de este proyectoCentro de Trabajo \u00a1Bienvenidos! &nbsp; El movimiento obrero y sus aliados comunitarios trabajan constantemente para reforzar y consolidar nuestros derechos en el trabajo, luchando y consiguiendo protecciones a escala local, estatal y federal. En el Centro Laboral ense\u00f1amos a los trabajadores los derechos conquistados. Uno de nuestros objetivos es garantizar que cada [&hellip;]<\/p>\n","protected":false},"author":13,"featured_media":3896,"parent":0,"menu_order":0,"comment_status":"closed","ping_status":"closed","template":"","meta":{"_acf_changed":false,"nf_dc_page":"","_et_pb_use_builder":"on","_et_pb_old_content":"","_et_gb_content_width":"","_relevanssi_hide_post":"","_relevanssi_hide_content":"","_relevanssi_pin_for_all":"","_relevanssi_pin_keywords":"","_relevanssi_unpin_keywords":"","_relevanssi_related_keywords":"","_relevanssi_related_include_ids":"","_relevanssi_related_exclude_ids":"","_relevanssi_related_no_append":"","_relevanssi_related_not_related":"","_relevanssi_related_posts":"","_relevanssi_noindex_reason":"","footnotes":""},"class_list":["post-4263","page","type-page","status-publish","has-post-thumbnail","hentry"],"acf":[],"yoast_head":"<!-- This site is optimized with the Yoast SEO plugin v27.4 - https:\/\/yoast.com\/product\/yoast-seo-wordpress\/ -->\n<title>Acerca de - Washington State Workers&#039; Rights Manual<\/title>\n<meta name=\"description\" content=\"Este Manual de Derechos de los Trabajadores 2019, nuestra 5\u00aa Edici\u00f3n, tiene un nuevo enfoque: los cinco derechos b\u00e1sicos que todos los trabajadores deben disfrutar en sus lugares de trabajo. Hay literalmente cientos de leyes que afectan al empleo y al trabajo, aplicadas (o no) por organismos gubernamentales locales, estatales y federales.\" \/>\n<meta name=\"robots\" content=\"index, follow, max-snippet:-1, max-image-preview:large, max-video-preview:-1\" \/>\n<link rel=\"canonical\" href=\"https:\/\/rightsatworkwa.org\/es\/acerca-de\/\" \/>\n<meta property=\"og:locale\" content=\"es_ES\" \/>\n<meta property=\"og:type\" content=\"article\" \/>\n<meta property=\"og:title\" content=\"Qui\u00e9nes somos\" \/>\n<meta property=\"og:description\" content=\"Este Manual de Derechos de los Trabajadores 2019, nuestra 5\u00aa Edici\u00f3n, tiene un nuevo enfoque: los cinco derechos b\u00e1sicos que todos los trabajadores deben disfrutar en sus lugares de trabajo. Hay literalmente cientos de leyes que afectan al empleo y al trabajo, aplicadas (o no) por organismos gubernamentales locales, estatales y federales.\" \/>\n<meta property=\"og:url\" content=\"https:\/\/rightsatworkwa.org\/es\/acerca-de\/\" \/>\n<meta property=\"og:site_name\" content=\"Washington State Workers&#039; Rights Manual\" \/>\n<meta property=\"article:publisher\" content=\"https:\/\/www.facebook.com\/WALaborCenter\/\" \/>\n<meta property=\"article:modified_time\" content=\"2023-11-14T19:42:28+00:00\" \/>\n<meta property=\"og:image\" content=\"https:\/\/rightsatworkwa.org\/wp-content\/uploads\/2019\/08\/Rights-At-Work-WA-Featured-Image.png\" \/>\n<meta name=\"twitter:card\" content=\"summary_large_image\" \/>\n<meta name=\"twitter:title\" content=\"Qui\u00e9nes somos\" \/>\n<meta name=\"twitter:description\" content=\"Este Manual de Derechos de los Trabajadores 2019, nuestra 5\u00aa Edici\u00f3n, tiene un nuevo enfoque: los cinco derechos b\u00e1sicos que todos los trabajadores deben disfrutar en sus lugares de trabajo. Hay literalmente cientos de leyes que afectan al empleo y al trabajo, aplicadas (o no) por organismos gubernamentales locales, estatales y federales.\" \/>\n<meta name=\"twitter:image\" content=\"https:\/\/rightsatworkwa.org\/wp-content\/uploads\/2019\/08\/Rights-At-Work-WA-Featured-Image.png\" \/>\n<meta name=\"twitter:site\" content=\"@walaborcenter\" \/>\n<meta name=\"twitter:label1\" content=\"Tiempo de lectura\" \/>\n\t<meta name=\"twitter:data1\" content=\"7 minutos\" \/>\n<script type=\"application\/ld+json\" class=\"yoast-schema-graph\">{\"@context\":\"https:\\\/\\\/schema.org\",\"@graph\":[{\"@type\":\"WebPage\",\"@id\":\"https:\\\/\\\/rightsatworkwa.org\\\/es\\\/acerca-de\\\/\",\"url\":\"https:\\\/\\\/rightsatworkwa.org\\\/es\\\/acerca-de\\\/\",\"name\":\"Acerca de - Washington State Workers&#039; Rights Manual\",\"isPartOf\":{\"@id\":\"https:\\\/\\\/rightsatworkwa.org\\\/es\\\/#website\"},\"primaryImageOfPage\":{\"@id\":\"https:\\\/\\\/rightsatworkwa.org\\\/es\\\/acerca-de\\\/#primaryimage\"},\"image\":{\"@id\":\"https:\\\/\\\/rightsatworkwa.org\\\/es\\\/acerca-de\\\/#primaryimage\"},\"thumbnailUrl\":\"https:\\\/\\\/rightsatworkwa.org\\\/wp-content\\\/uploads\\\/2019\\\/08\\\/Rights-At-Work-WA-Featured-Image.png\",\"datePublished\":\"2019-02-27T17:50:23+00:00\",\"dateModified\":\"2023-11-14T19:42:28+00:00\",\"description\":\"Este Manual de Derechos de los Trabajadores 2019, nuestra 5\u00aa Edici\u00f3n, tiene un nuevo enfoque: los cinco derechos b\u00e1sicos que todos los trabajadores deben disfrutar en sus lugares de trabajo. Hay literalmente cientos de leyes que afectan al empleo y al trabajo, aplicadas (o no) por organismos gubernamentales locales, estatales y federales.\",\"inLanguage\":\"es\",\"potentialAction\":[{\"@type\":\"ReadAction\",\"target\":[\"https:\\\/\\\/rightsatworkwa.org\\\/es\\\/acerca-de\\\/\"]}]},{\"@type\":\"ImageObject\",\"inLanguage\":\"es\",\"@id\":\"https:\\\/\\\/rightsatworkwa.org\\\/es\\\/acerca-de\\\/#primaryimage\",\"url\":\"https:\\\/\\\/rightsatworkwa.org\\\/wp-content\\\/uploads\\\/2019\\\/08\\\/Rights-At-Work-WA-Featured-Image.png\",\"contentUrl\":\"https:\\\/\\\/rightsatworkwa.org\\\/wp-content\\\/uploads\\\/2019\\\/08\\\/Rights-At-Work-WA-Featured-Image.png\",\"width\":1024,\"height\":594},{\"@type\":\"WebSite\",\"@id\":\"https:\\\/\\\/rightsatworkwa.org\\\/es\\\/#website\",\"url\":\"https:\\\/\\\/rightsatworkwa.org\\\/es\\\/\",\"name\":\"Washington State Workers&#039; Rights Manual\",\"description\":\"This website is home to the Washington State Workers\u2019 Rights Manual and provides an easy overview of everyone\u2019s Workplace Rights.\",\"publisher\":{\"@id\":\"https:\\\/\\\/rightsatworkwa.org\\\/es\\\/#organization\"},\"potentialAction\":[{\"@type\":\"SearchAction\",\"target\":{\"@type\":\"EntryPoint\",\"urlTemplate\":\"https:\\\/\\\/rightsatworkwa.org\\\/es\\\/?s={search_term_string}\"},\"query-input\":{\"@type\":\"PropertyValueSpecification\",\"valueRequired\":true,\"valueName\":\"search_term_string\"}}],\"inLanguage\":\"es\"},{\"@type\":\"Organization\",\"@id\":\"https:\\\/\\\/rightsatworkwa.org\\\/es\\\/#organization\",\"name\":\"Washington Labor Education and Research Center\",\"url\":\"https:\\\/\\\/rightsatworkwa.org\\\/es\\\/\",\"logo\":{\"@type\":\"ImageObject\",\"inLanguage\":\"es\",\"@id\":\"https:\\\/\\\/rightsatworkwa.org\\\/es\\\/#\\\/schema\\\/logo\\\/image\\\/\",\"url\":\"https:\\\/\\\/rightsatworkwa.org\\\/wp-content\\\/uploads\\\/2019\\\/07\\\/LERC-SSC-Logo.png\",\"contentUrl\":\"https:\\\/\\\/rightsatworkwa.org\\\/wp-content\\\/uploads\\\/2019\\\/07\\\/LERC-SSC-Logo.png\",\"width\":863,\"height\":1097,\"caption\":\"Washington Labor Education and Research Center\"},\"image\":{\"@id\":\"https:\\\/\\\/rightsatworkwa.org\\\/es\\\/#\\\/schema\\\/logo\\\/image\\\/\"},\"sameAs\":[\"https:\\\/\\\/www.facebook.com\\\/WALaborCenter\\\/\",\"https:\\\/\\\/x.com\\\/walaborcenter\",\"https:\\\/\\\/www.instagram.com\\\/walaborcenter\\\/\"]}]}<\/script>\n<!-- \/ Yoast SEO plugin. -->","yoast_head_json":{"title":"Acerca de - Washington State Workers&#039; Rights Manual","description":"Este Manual de Derechos de los Trabajadores 2019, nuestra 5\u00aa Edici\u00f3n, tiene un nuevo enfoque: los cinco derechos b\u00e1sicos que todos los trabajadores deben disfrutar en sus lugares de trabajo. Hay literalmente cientos de leyes que afectan al empleo y al trabajo, aplicadas (o no) por organismos gubernamentales locales, estatales y federales.","robots":{"index":"index","follow":"follow","max-snippet":"max-snippet:-1","max-image-preview":"max-image-preview:large","max-video-preview":"max-video-preview:-1"},"canonical":"https:\/\/rightsatworkwa.org\/es\/acerca-de\/","og_locale":"es_ES","og_type":"article","og_title":"Qui\u00e9nes somos","og_description":"Este Manual de Derechos de los Trabajadores 2019, nuestra 5\u00aa Edici\u00f3n, tiene un nuevo enfoque: los cinco derechos b\u00e1sicos que todos los trabajadores deben disfrutar en sus lugares de trabajo. Hay literalmente cientos de leyes que afectan al empleo y al trabajo, aplicadas (o no) por organismos gubernamentales locales, estatales y federales.","og_url":"https:\/\/rightsatworkwa.org\/es\/acerca-de\/","og_site_name":"Washington State Workers&#039; Rights Manual","article_publisher":"https:\/\/www.facebook.com\/WALaborCenter\/","article_modified_time":"2023-11-14T19:42:28+00:00","og_image":[{"url":"https:\/\/rightsatworkwa.org\/wp-content\/uploads\/2019\/08\/Rights-At-Work-WA-Featured-Image.png","type":"","width":"","height":""}],"twitter_card":"summary_large_image","twitter_title":"Qui\u00e9nes somos","twitter_description":"Este Manual de Derechos de los Trabajadores 2019, nuestra 5\u00aa Edici\u00f3n, tiene un nuevo enfoque: los cinco derechos b\u00e1sicos que todos los trabajadores deben disfrutar en sus lugares de trabajo. Hay literalmente cientos de leyes que afectan al empleo y al trabajo, aplicadas (o no) por organismos gubernamentales locales, estatales y federales.","twitter_image":"https:\/\/rightsatworkwa.org\/wp-content\/uploads\/2019\/08\/Rights-At-Work-WA-Featured-Image.png","twitter_site":"@walaborcenter","twitter_misc":{"Tiempo de lectura":"7 minutos"},"schema":{"@context":"https:\/\/schema.org","@graph":[{"@type":"WebPage","@id":"https:\/\/rightsatworkwa.org\/es\/acerca-de\/","url":"https:\/\/rightsatworkwa.org\/es\/acerca-de\/","name":"Acerca de - Washington State Workers&#039; Rights Manual","isPartOf":{"@id":"https:\/\/rightsatworkwa.org\/es\/#website"},"primaryImageOfPage":{"@id":"https:\/\/rightsatworkwa.org\/es\/acerca-de\/#primaryimage"},"image":{"@id":"https:\/\/rightsatworkwa.org\/es\/acerca-de\/#primaryimage"},"thumbnailUrl":"https:\/\/rightsatworkwa.org\/wp-content\/uploads\/2019\/08\/Rights-At-Work-WA-Featured-Image.png","datePublished":"2019-02-27T17:50:23+00:00","dateModified":"2023-11-14T19:42:28+00:00","description":"Este Manual de Derechos de los Trabajadores 2019, nuestra 5\u00aa Edici\u00f3n, tiene un nuevo enfoque: los cinco derechos b\u00e1sicos que todos los trabajadores deben disfrutar en sus lugares de trabajo. Hay literalmente cientos de leyes que afectan al empleo y al trabajo, aplicadas (o no) por organismos gubernamentales locales, estatales y federales.","inLanguage":"es","potentialAction":[{"@type":"ReadAction","target":["https:\/\/rightsatworkwa.org\/es\/acerca-de\/"]}]},{"@type":"ImageObject","inLanguage":"es","@id":"https:\/\/rightsatworkwa.org\/es\/acerca-de\/#primaryimage","url":"https:\/\/rightsatworkwa.org\/wp-content\/uploads\/2019\/08\/Rights-At-Work-WA-Featured-Image.png","contentUrl":"https:\/\/rightsatworkwa.org\/wp-content\/uploads\/2019\/08\/Rights-At-Work-WA-Featured-Image.png","width":1024,"height":594},{"@type":"WebSite","@id":"https:\/\/rightsatworkwa.org\/es\/#website","url":"https:\/\/rightsatworkwa.org\/es\/","name":"Washington State Workers&#039; Rights Manual","description":"This website is home to the Washington State Workers\u2019 Rights Manual and provides an easy overview of everyone\u2019s Workplace Rights.","publisher":{"@id":"https:\/\/rightsatworkwa.org\/es\/#organization"},"potentialAction":[{"@type":"SearchAction","target":{"@type":"EntryPoint","urlTemplate":"https:\/\/rightsatworkwa.org\/es\/?s={search_term_string}"},"query-input":{"@type":"PropertyValueSpecification","valueRequired":true,"valueName":"search_term_string"}}],"inLanguage":"es"},{"@type":"Organization","@id":"https:\/\/rightsatworkwa.org\/es\/#organization","name":"Washington Labor Education and Research Center","url":"https:\/\/rightsatworkwa.org\/es\/","logo":{"@type":"ImageObject","inLanguage":"es","@id":"https:\/\/rightsatworkwa.org\/es\/#\/schema\/logo\/image\/","url":"https:\/\/rightsatworkwa.org\/wp-content\/uploads\/2019\/07\/LERC-SSC-Logo.png","contentUrl":"https:\/\/rightsatworkwa.org\/wp-content\/uploads\/2019\/07\/LERC-SSC-Logo.png","width":863,"height":1097,"caption":"Washington Labor Education and Research Center"},"image":{"@id":"https:\/\/rightsatworkwa.org\/es\/#\/schema\/logo\/image\/"},"sameAs":["https:\/\/www.facebook.com\/WALaborCenter\/","https:\/\/x.com\/walaborcenter","https:\/\/www.instagram.com\/walaborcenter\/"]}]}},"_links":{"self":[{"href":"https:\/\/rightsatworkwa.org\/es\/wp-json\/wp\/v2\/pages\/4263","targetHints":{"allow":["GET"]}}],"collection":[{"href":"https:\/\/rightsatworkwa.org\/es\/wp-json\/wp\/v2\/pages"}],"about":[{"href":"https:\/\/rightsatworkwa.org\/es\/wp-json\/wp\/v2\/types\/page"}],"author":[{"embeddable":true,"href":"https:\/\/rightsatworkwa.org\/es\/wp-json\/wp\/v2\/users\/13"}],"replies":[{"embeddable":true,"href":"https:\/\/rightsatworkwa.org\/es\/wp-json\/wp\/v2\/comments?post=4263"}],"version-history":[{"count":4,"href":"https:\/\/rightsatworkwa.org\/es\/wp-json\/wp\/v2\/pages\/4263\/revisions"}],"predecessor-version":[{"id":4311,"href":"https:\/\/rightsatworkwa.org\/es\/wp-json\/wp\/v2\/pages\/4263\/revisions\/4311"}],"wp:featuredmedia":[{"embeddable":true,"href":"https:\/\/rightsatworkwa.org\/es\/wp-json\/wp\/v2\/media\/3896"}],"wp:attachment":[{"href":"https:\/\/rightsatworkwa.org\/es\/wp-json\/wp\/v2\/media?parent=4263"}],"curies":[{"name":"wp","href":"https:\/\/api.w.org\/{rel}","templated":true}]}}