{"id":4353,"date":"2019-02-27T18:30:00","date_gmt":"2019-02-27T18:30:00","guid":{"rendered":"https:\/\/rightsatworkwa.org\/pongase-en-contacto-con-nosotros\/"},"modified":"2024-07-10T23:17:11","modified_gmt":"2024-07-10T23:17:11","slug":"pongase-en-contacto-con-nosotros","status":"publish","type":"page","link":"https:\/\/rightsatworkwa.org\/es\/pongase-en-contacto-con-nosotros\/","title":{"rendered":"P\u00f3ngase en contacto con nosotros"},"content":{"rendered":"<p>[et_pb_section fb_built=&#8221;1&#8243; _builder_version=&#8221;4.16&#8243; background_color=&#8221;#f7f7f7&#8243; global_colors_info=&#8221;{}&#8221;][et_pb_row _builder_version=&#8221;4.16&#8243; global_colors_info=&#8221;{}&#8221;][et_pb_column type=&#8221;4_4&#8243; _builder_version=&#8221;4.16&#8243; custom_padding=&#8221;|||&#8221; global_colors_info=&#8221;{}&#8221; custom_padding__hover=&#8221;|||&#8221;][et_pb_post_title meta=&#8221;off&#8221; featured_image=&#8221;off&#8221; _builder_version=&#8221;4.16&#8243; global_colors_info=&#8221;{}&#8221;][\/et_pb_post_title][et_pb_text _builder_version=&#8221;4.16&#8243; global_colors_info=&#8221;{}&#8221;]<\/p>\n<h3>Centro de Educaci\u00f3n e Investigaci\u00f3n Laboral del Estado de Washington<br \/>Campus de Georgetown del South Seattle College<\/h3>\n<p>6737 Corson Ave S<br \/>Edificio B Sala 106<br \/>Seattle, WA 98108<\/p>\n<p><em>Tel: <\/em><a href=\"tel:206-934-6671\">206.934.6671<\/a><br \/><em>P\u00e1gina web:<\/em> <a href=\"http:\/\/www.walaborcenter.org\">www.walaborcenter.org<\/a><br \/><a href=\"http:\/\/eepurl.com\/g9HnfP\">Haga clic aqu\u00ed para suscribirse a nuestro bolet\u00edn electr\u00f3nico<\/a><strong><br \/><\/strong><\/p>\n<p>\u00bfTiene comentarios o preguntas? Rellene el siguiente formulario:<\/p>\n<p>[\/et_pb_text][\/et_pb_column][\/et_pb_row][\/et_pb_section][et_pb_section fb_built=&#8221;1&#8243; _builder_version=&#8221;4.16&#8243; background_color=&#8221;#eeeeee&#8221; background_color_gradient_direction=&#8221;90deg&#8221; custom_margin=&#8221;0px||0px&#8221; custom_padding=&#8221;0px|0px|0px|0px|false|false&#8221; locked=&#8221;off&#8221; global_colors_info=&#8221;{}&#8221;][et_pb_row column_structure=&#8221;1_3,1_3,1_3&#8243; use_custom_gutter=&#8221;on&#8221; gutter_width=&#8221;1&#8243; _builder_version=&#8221;4.16&#8243; width=&#8221;100%&#8221; max_width=&#8221;100%&#8221; custom_padding=&#8221;0px||0px&#8221; global_colors_info=&#8221;{}&#8221;][et_pb_column type=&#8221;1_3&#8243; _builder_version=&#8221;4.16&#8243; background_color=&#8221;#dd0e3b&#8221; custom_padding=&#8221;100px|40px|100px|40px&#8221; global_colors_info=&#8221;{}&#8221; custom_padding__hover=&#8221;|||&#8221;][et_pb_text _builder_version=&#8221;4.16&#8243; text_font=&#8221;||||||||&#8221; header_font=&#8221;||||||||&#8221; header_text_color=&#8221;#f7f7f7&#8243; header_font_size=&#8221;40px&#8221; header_3_font=&#8221;||||||||&#8221; header_3_text_color=&#8221;#f7f7f7&#8243; header_3_font_size=&#8221;42px&#8221; header_3_line_height=&#8221;1.3em&#8221; text_orientation=&#8221;center&#8221; custom_margin=&#8221;||40px&#8221; text_text_align=&#8221;center&#8221; global_colors_info=&#8221;{}&#8221;]<\/p>\n<h3>Explore su<br \/>\n5 Derechos fundamentales<\/h3>\n<p>[\/et_pb_text][et_pb_button button_url=&#8221;https:\/\/rightsatworkwa.org\/es\/conozca-sus-derechos\/&#8221; button_text=&#8221;Descubra sus derechos&#8221; button_alignment=&#8221;center&#8221; _builder_version=&#8221;4.16&#8243; custom_button=&#8221;on&#8221; button_text_color=&#8221;#dd0e3b&#8221; button_bg_color=&#8221;#f7f7f7&#8243; button_border_width=&#8221;0px&#8221; button_font=&#8221;||||||||&#8221; button_icon=&#8221;&#x55;||divi||400&#8243; button_icon_color=&#8221;#dd0e3b&#8221; box_shadow_style=&#8221;preset2&#8243; global_colors_info=&#8221;{}&#8221;][\/et_pb_button][\/et_pb_column][et_pb_column type=&#8221;1_3&#8243; _builder_version=&#8221;4.16&#8243; background_color=&#8221;#d1d1d1&#8243; custom_padding=&#8221;100px|40px|100px|40px&#8221; global_colors_info=&#8221;{}&#8221; custom_padding__hover=&#8221;|||&#8221;][et_pb_text _builder_version=&#8221;4.16&#8243; text_font=&#8221;||||||||&#8221; header_font=&#8221;||||||||&#8221; header_text_color=&#8221;#f7f7f7&#8243; header_font_size=&#8221;40px&#8221; header_3_font=&#8221;||||||||&#8221; header_3_text_color=&#8221;#7a152d&#8221; header_3_font_size=&#8221;42px&#8221; header_3_line_height=&#8221;1.3em&#8221; text_orientation=&#8221;center&#8221; custom_margin=&#8221;||40px&#8221; text_text_align=&#8221;center&#8221; global_colors_info=&#8221;{}&#8221;]<\/p>\n<h3>Ver\/Descargar el<br \/>\nManual completo<\/h3>\n<p>[\/et_pb_text][et_pb_button button_url=&#8221;https:\/\/rightsatworkwa.org\/es\/manual-completo-de-los-derechos-de-los-trabajadores-del-estado-de-washington\/&#8221; button_text=&#8221;Ver manual completo&#8221; button_alignment=&#8221;center&#8221; _builder_version=&#8221;4.16&#8243; custom_button=&#8221;on&#8221; button_text_color=&#8221;#7a152d&#8221; button_bg_color=&#8221;#f7f7f7&#8243; button_border_width=&#8221;0px&#8221; button_font=&#8221;||||||||&#8221; button_icon=&#8221;&#x69;||divi||400&#8243; button_icon_color=&#8221;#7a152d&#8221; box_shadow_style=&#8221;preset2&#8243; global_colors_info=&#8221;{}&#8221;][\/et_pb_button][\/et_pb_column][et_pb_column type=&#8221;1_3&#8243; _builder_version=&#8221;4.16&#8243; background_color=&#8221;#196ec2&#8243; custom_padding=&#8221;100px|40px|100px|40px&#8221; global_colors_info=&#8221;{}&#8221; custom_padding__hover=&#8221;|||&#8221;][et_pb_text _builder_version=&#8221;4.16&#8243; text_font=&#8221;||||||||&#8221; header_font=&#8221;||||||||&#8221; header_text_color=&#8221;#f7f7f7&#8243; header_font_size=&#8221;40px&#8221; header_3_font=&#8221;||||||||&#8221; header_3_text_color=&#8221;#f7f7f7&#8243; header_3_font_size=&#8221;42px&#8221; header_3_line_height=&#8221;1.3em&#8221; text_orientation=&#8221;center&#8221; custom_margin=&#8221;||40px&#8221; text_text_align=&#8221;center&#8221; global_colors_info=&#8221;{}&#8221;]<\/p>\n<h3>Comp\u00e1rtelo con<br \/>\nCompa\u00f1eros de trabajo<\/h3>\n<p>[\/et_pb_text][et_pb_button button_url=&#8221;https:\/\/www.addtoany.com\/share#url=http%3A%2F%2Flerc-dev.flywheelsites.com%2F&#8221; url_new_window=&#8221;on&#8221; button_text=&#8221;H\u00e1gales saber&#8221; button_alignment=&#8221;center&#8221; _builder_version=&#8221;4.16&#8243; custom_button=&#8221;on&#8221; button_text_color=&#8221;#196ec2&#8243; button_bg_color=&#8221;#f7f7f7&#8243; button_border_width=&#8221;0px&#8221; button_font=&#8221;||||||||&#8221; button_icon=&#8221;&#xe02b;||divi||400&#8243; button_icon_color=&#8221;#196ec2&#8243; box_shadow_style=&#8221;preset2&#8243; global_colors_info=&#8221;{}&#8221;][\/et_pb_button][\/et_pb_column][\/et_pb_row][\/et_pb_section]<\/p>\n","protected":false},"excerpt":{"rendered":"<p>Centro de Educaci\u00f3n e Investigaci\u00f3n Laboral del Estado de WashingtonCampus de Georgetown del South Seattle College 6737 Corson Ave SEdificio B Sala 106Seattle, WA 98108 Tel: 206.934.6671P\u00e1gina web: www.walaborcenter.orgHaga clic aqu\u00ed para suscribirse a nuestro bolet\u00edn electr\u00f3nico \u00bfTiene comentarios o preguntas? Rellene el siguiente formulario:Explore su 5 Derechos fundamentalesVer\/Descargar el Manual completoComp\u00e1rtelo con Compa\u00f1eros [&hellip;]<\/p>\n","protected":false},"author":13,"featured_media":3896,"parent":0,"menu_order":0,"comment_status":"closed","ping_status":"closed","template":"","meta":{"_acf_changed":false,"nf_dc_page":"","_et_pb_use_builder":"on","_et_pb_old_content":"","_et_gb_content_width":"","_relevanssi_hide_post":"","_relevanssi_hide_content":"","_relevanssi_pin_for_all":"","_relevanssi_pin_keywords":"","_relevanssi_unpin_keywords":"","_relevanssi_related_keywords":"","_relevanssi_related_include_ids":"","_relevanssi_related_exclude_ids":"","_relevanssi_related_no_append":"","_relevanssi_related_not_related":"","_relevanssi_related_posts":"","_relevanssi_noindex_reason":"","footnotes":""},"class_list":["post-4353","page","type-page","status-publish","has-post-thumbnail","hentry"],"acf":[],"yoast_head":"<!-- This site is optimized with the Yoast SEO plugin v27.4 - https:\/\/yoast.com\/product\/yoast-seo-wordpress\/ -->\n<title>P\u00f3ngase en contacto con nosotros - Washington State Workers&#039; Rights Manual<\/title>\n<meta name=\"description\" content=\"La misi\u00f3n del Centro de Educaci\u00f3n e Investigaci\u00f3n Laboral del Estado de Washington es ofrecer programas de educaci\u00f3n y formaci\u00f3n de alta calidad para las mujeres y hombres trabajadores del Estado de Washington.\" \/>\n<meta name=\"robots\" content=\"index, follow, max-snippet:-1, max-image-preview:large, max-video-preview:-1\" \/>\n<link rel=\"canonical\" href=\"https:\/\/rightsatworkwa.org\/es\/pongase-en-contacto-con-nosotros\/\" \/>\n<meta property=\"og:locale\" content=\"es_ES\" \/>\n<meta property=\"og:type\" content=\"article\" \/>\n<meta property=\"og:title\" content=\"P\u00f3ngase en contacto con nosotros\" \/>\n<meta property=\"og:description\" content=\"La misi\u00f3n del Centro de Educaci\u00f3n e Investigaci\u00f3n Laboral del Estado de Washington es ofrecer programas de educaci\u00f3n y formaci\u00f3n de alta calidad para las mujeres y hombres trabajadores del Estado de Washington.\" \/>\n<meta property=\"og:url\" content=\"https:\/\/rightsatworkwa.org\/es\/pongase-en-contacto-con-nosotros\/\" \/>\n<meta property=\"og:site_name\" content=\"Washington State Workers&#039; Rights Manual\" \/>\n<meta property=\"article:publisher\" content=\"https:\/\/www.facebook.com\/WALaborCenter\/\" \/>\n<meta property=\"article:modified_time\" content=\"2024-07-10T23:17:11+00:00\" \/>\n<meta property=\"og:image\" content=\"https:\/\/rightsatworkwa.org\/wp-content\/uploads\/2019\/08\/Rights-At-Work-WA-Featured-Image.png\" \/>\n<meta name=\"twitter:card\" content=\"summary_large_image\" \/>\n<meta name=\"twitter:title\" content=\"P\u00f3ngase en contacto con nosotros\" \/>\n<meta name=\"twitter:description\" content=\"La misi\u00f3n del Centro de Educaci\u00f3n e Investigaci\u00f3n Laboral del Estado de Washington es ofrecer programas de educaci\u00f3n y formaci\u00f3n de alta calidad para las mujeres y hombres trabajadores del Estado de Washington.\" \/>\n<meta name=\"twitter:image\" content=\"https:\/\/rightsatworkwa.org\/wp-content\/uploads\/2019\/08\/Rights-At-Work-WA-Featured-Image.png\" \/>\n<meta name=\"twitter:site\" content=\"@walaborcenter\" \/>\n<meta name=\"twitter:label1\" content=\"Tiempo de lectura\" \/>\n\t<meta name=\"twitter:data1\" content=\"3 minutos\" \/>\n<script type=\"application\/ld+json\" class=\"yoast-schema-graph\">{\"@context\":\"https:\\\/\\\/schema.org\",\"@graph\":[{\"@type\":\"WebPage\",\"@id\":\"https:\\\/\\\/rightsatworkwa.org\\\/es\\\/pongase-en-contacto-con-nosotros\\\/\",\"url\":\"https:\\\/\\\/rightsatworkwa.org\\\/es\\\/pongase-en-contacto-con-nosotros\\\/\",\"name\":\"P\u00f3ngase en contacto con nosotros - Washington State Workers&#039; Rights Manual\",\"isPartOf\":{\"@id\":\"https:\\\/\\\/rightsatworkwa.org\\\/es\\\/#website\"},\"primaryImageOfPage\":{\"@id\":\"https:\\\/\\\/rightsatworkwa.org\\\/es\\\/pongase-en-contacto-con-nosotros\\\/#primaryimage\"},\"image\":{\"@id\":\"https:\\\/\\\/rightsatworkwa.org\\\/es\\\/pongase-en-contacto-con-nosotros\\\/#primaryimage\"},\"thumbnailUrl\":\"https:\\\/\\\/rightsatworkwa.org\\\/wp-content\\\/uploads\\\/2019\\\/08\\\/Rights-At-Work-WA-Featured-Image.png\",\"datePublished\":\"2019-02-27T18:30:00+00:00\",\"dateModified\":\"2024-07-10T23:17:11+00:00\",\"description\":\"La misi\u00f3n del Centro de Educaci\u00f3n e Investigaci\u00f3n Laboral del Estado de Washington es ofrecer programas de educaci\u00f3n y formaci\u00f3n de alta calidad para las mujeres y hombres trabajadores del Estado de Washington.\",\"inLanguage\":\"es\",\"potentialAction\":[{\"@type\":\"ReadAction\",\"target\":[\"https:\\\/\\\/rightsatworkwa.org\\\/es\\\/pongase-en-contacto-con-nosotros\\\/\"]}]},{\"@type\":\"ImageObject\",\"inLanguage\":\"es\",\"@id\":\"https:\\\/\\\/rightsatworkwa.org\\\/es\\\/pongase-en-contacto-con-nosotros\\\/#primaryimage\",\"url\":\"https:\\\/\\\/rightsatworkwa.org\\\/wp-content\\\/uploads\\\/2019\\\/08\\\/Rights-At-Work-WA-Featured-Image.png\",\"contentUrl\":\"https:\\\/\\\/rightsatworkwa.org\\\/wp-content\\\/uploads\\\/2019\\\/08\\\/Rights-At-Work-WA-Featured-Image.png\",\"width\":1024,\"height\":594},{\"@type\":\"WebSite\",\"@id\":\"https:\\\/\\\/rightsatworkwa.org\\\/es\\\/#website\",\"url\":\"https:\\\/\\\/rightsatworkwa.org\\\/es\\\/\",\"name\":\"Washington State Workers&#039; Rights Manual\",\"description\":\"This website is home to the Washington State Workers\u2019 Rights Manual and provides an easy overview of everyone\u2019s Workplace Rights.\",\"publisher\":{\"@id\":\"https:\\\/\\\/rightsatworkwa.org\\\/es\\\/#organization\"},\"potentialAction\":[{\"@type\":\"SearchAction\",\"target\":{\"@type\":\"EntryPoint\",\"urlTemplate\":\"https:\\\/\\\/rightsatworkwa.org\\\/es\\\/?s={search_term_string}\"},\"query-input\":{\"@type\":\"PropertyValueSpecification\",\"valueRequired\":true,\"valueName\":\"search_term_string\"}}],\"inLanguage\":\"es\"},{\"@type\":\"Organization\",\"@id\":\"https:\\\/\\\/rightsatworkwa.org\\\/es\\\/#organization\",\"name\":\"Washington Labor Education and Research Center\",\"url\":\"https:\\\/\\\/rightsatworkwa.org\\\/es\\\/\",\"logo\":{\"@type\":\"ImageObject\",\"inLanguage\":\"es\",\"@id\":\"https:\\\/\\\/rightsatworkwa.org\\\/es\\\/#\\\/schema\\\/logo\\\/image\\\/\",\"url\":\"https:\\\/\\\/rightsatworkwa.org\\\/wp-content\\\/uploads\\\/2019\\\/07\\\/LERC-SSC-Logo.png\",\"contentUrl\":\"https:\\\/\\\/rightsatworkwa.org\\\/wp-content\\\/uploads\\\/2019\\\/07\\\/LERC-SSC-Logo.png\",\"width\":863,\"height\":1097,\"caption\":\"Washington Labor Education and Research Center\"},\"image\":{\"@id\":\"https:\\\/\\\/rightsatworkwa.org\\\/es\\\/#\\\/schema\\\/logo\\\/image\\\/\"},\"sameAs\":[\"https:\\\/\\\/www.facebook.com\\\/WALaborCenter\\\/\",\"https:\\\/\\\/x.com\\\/walaborcenter\",\"https:\\\/\\\/www.instagram.com\\\/walaborcenter\\\/\"]}]}<\/script>\n<!-- \/ Yoast SEO plugin. -->","yoast_head_json":{"title":"P\u00f3ngase en contacto con nosotros - Washington State Workers&#039; Rights Manual","description":"La misi\u00f3n del Centro de Educaci\u00f3n e Investigaci\u00f3n Laboral del Estado de Washington es ofrecer programas de educaci\u00f3n y formaci\u00f3n de alta calidad para las mujeres y hombres trabajadores del Estado de Washington.","robots":{"index":"index","follow":"follow","max-snippet":"max-snippet:-1","max-image-preview":"max-image-preview:large","max-video-preview":"max-video-preview:-1"},"canonical":"https:\/\/rightsatworkwa.org\/es\/pongase-en-contacto-con-nosotros\/","og_locale":"es_ES","og_type":"article","og_title":"P\u00f3ngase en contacto con nosotros","og_description":"La misi\u00f3n del Centro de Educaci\u00f3n e Investigaci\u00f3n Laboral del Estado de Washington es ofrecer programas de educaci\u00f3n y formaci\u00f3n de alta calidad para las mujeres y hombres trabajadores del Estado de Washington.","og_url":"https:\/\/rightsatworkwa.org\/es\/pongase-en-contacto-con-nosotros\/","og_site_name":"Washington State Workers&#039; Rights Manual","article_publisher":"https:\/\/www.facebook.com\/WALaborCenter\/","article_modified_time":"2024-07-10T23:17:11+00:00","og_image":[{"url":"https:\/\/rightsatworkwa.org\/wp-content\/uploads\/2019\/08\/Rights-At-Work-WA-Featured-Image.png","type":"","width":"","height":""}],"twitter_card":"summary_large_image","twitter_title":"P\u00f3ngase en contacto con nosotros","twitter_description":"La misi\u00f3n del Centro de Educaci\u00f3n e Investigaci\u00f3n Laboral del Estado de Washington es ofrecer programas de educaci\u00f3n y formaci\u00f3n de alta calidad para las mujeres y hombres trabajadores del Estado de Washington.","twitter_image":"https:\/\/rightsatworkwa.org\/wp-content\/uploads\/2019\/08\/Rights-At-Work-WA-Featured-Image.png","twitter_site":"@walaborcenter","twitter_misc":{"Tiempo de lectura":"3 minutos"},"schema":{"@context":"https:\/\/schema.org","@graph":[{"@type":"WebPage","@id":"https:\/\/rightsatworkwa.org\/es\/pongase-en-contacto-con-nosotros\/","url":"https:\/\/rightsatworkwa.org\/es\/pongase-en-contacto-con-nosotros\/","name":"P\u00f3ngase en contacto con nosotros - Washington State Workers&#039; Rights Manual","isPartOf":{"@id":"https:\/\/rightsatworkwa.org\/es\/#website"},"primaryImageOfPage":{"@id":"https:\/\/rightsatworkwa.org\/es\/pongase-en-contacto-con-nosotros\/#primaryimage"},"image":{"@id":"https:\/\/rightsatworkwa.org\/es\/pongase-en-contacto-con-nosotros\/#primaryimage"},"thumbnailUrl":"https:\/\/rightsatworkwa.org\/wp-content\/uploads\/2019\/08\/Rights-At-Work-WA-Featured-Image.png","datePublished":"2019-02-27T18:30:00+00:00","dateModified":"2024-07-10T23:17:11+00:00","description":"La misi\u00f3n del Centro de Educaci\u00f3n e Investigaci\u00f3n Laboral del Estado de Washington es ofrecer programas de educaci\u00f3n y formaci\u00f3n de alta calidad para las mujeres y hombres trabajadores del Estado de Washington.","inLanguage":"es","potentialAction":[{"@type":"ReadAction","target":["https:\/\/rightsatworkwa.org\/es\/pongase-en-contacto-con-nosotros\/"]}]},{"@type":"ImageObject","inLanguage":"es","@id":"https:\/\/rightsatworkwa.org\/es\/pongase-en-contacto-con-nosotros\/#primaryimage","url":"https:\/\/rightsatworkwa.org\/wp-content\/uploads\/2019\/08\/Rights-At-Work-WA-Featured-Image.png","contentUrl":"https:\/\/rightsatworkwa.org\/wp-content\/uploads\/2019\/08\/Rights-At-Work-WA-Featured-Image.png","width":1024,"height":594},{"@type":"WebSite","@id":"https:\/\/rightsatworkwa.org\/es\/#website","url":"https:\/\/rightsatworkwa.org\/es\/","name":"Washington State Workers&#039; Rights Manual","description":"This website is home to the Washington State Workers\u2019 Rights Manual and provides an easy overview of everyone\u2019s Workplace Rights.","publisher":{"@id":"https:\/\/rightsatworkwa.org\/es\/#organization"},"potentialAction":[{"@type":"SearchAction","target":{"@type":"EntryPoint","urlTemplate":"https:\/\/rightsatworkwa.org\/es\/?s={search_term_string}"},"query-input":{"@type":"PropertyValueSpecification","valueRequired":true,"valueName":"search_term_string"}}],"inLanguage":"es"},{"@type":"Organization","@id":"https:\/\/rightsatworkwa.org\/es\/#organization","name":"Washington Labor Education and Research Center","url":"https:\/\/rightsatworkwa.org\/es\/","logo":{"@type":"ImageObject","inLanguage":"es","@id":"https:\/\/rightsatworkwa.org\/es\/#\/schema\/logo\/image\/","url":"https:\/\/rightsatworkwa.org\/wp-content\/uploads\/2019\/07\/LERC-SSC-Logo.png","contentUrl":"https:\/\/rightsatworkwa.org\/wp-content\/uploads\/2019\/07\/LERC-SSC-Logo.png","width":863,"height":1097,"caption":"Washington Labor Education and Research Center"},"image":{"@id":"https:\/\/rightsatworkwa.org\/es\/#\/schema\/logo\/image\/"},"sameAs":["https:\/\/www.facebook.com\/WALaborCenter\/","https:\/\/x.com\/walaborcenter","https:\/\/www.instagram.com\/walaborcenter\/"]}]}},"_links":{"self":[{"href":"https:\/\/rightsatworkwa.org\/es\/wp-json\/wp\/v2\/pages\/4353","targetHints":{"allow":["GET"]}}],"collection":[{"href":"https:\/\/rightsatworkwa.org\/es\/wp-json\/wp\/v2\/pages"}],"about":[{"href":"https:\/\/rightsatworkwa.org\/es\/wp-json\/wp\/v2\/types\/page"}],"author":[{"embeddable":true,"href":"https:\/\/rightsatworkwa.org\/es\/wp-json\/wp\/v2\/users\/13"}],"replies":[{"embeddable":true,"href":"https:\/\/rightsatworkwa.org\/es\/wp-json\/wp\/v2\/comments?post=4353"}],"version-history":[{"count":5,"href":"https:\/\/rightsatworkwa.org\/es\/wp-json\/wp\/v2\/pages\/4353\/revisions"}],"predecessor-version":[{"id":11080,"href":"https:\/\/rightsatworkwa.org\/es\/wp-json\/wp\/v2\/pages\/4353\/revisions\/11080"}],"wp:featuredmedia":[{"embeddable":true,"href":"https:\/\/rightsatworkwa.org\/es\/wp-json\/wp\/v2\/media\/3896"}],"wp:attachment":[{"href":"https:\/\/rightsatworkwa.org\/es\/wp-json\/wp\/v2\/media?parent=4353"}],"curies":[{"name":"wp","href":"https:\/\/api.w.org\/{rel}","templated":true}]}}