{"id":5602,"date":"2019-02-27T18:30:00","date_gmt":"2019-02-27T18:30:00","guid":{"rendered":"https:\/\/rightsatworkwa.org\/lien-he-chung-toi\/"},"modified":"2024-07-10T23:17:12","modified_gmt":"2024-07-10T23:17:12","slug":"lien-he-chung-toi","status":"publish","type":"page","link":"https:\/\/rightsatworkwa.org\/vi\/lien-he-chung-toi\/","title":{"rendered":"Li\u00ean h\u1ec7 ch\u00fang t\u00f4i"},"content":{"rendered":"<p>[et_pb_section fb_built=&#8221;1&#8243; _builder_version=&#8221;4.16&#8243; background_color=&#8221;#f7f7f7&#8243; global_colors_info=&#8221;{}&#8221;][et_pb_row _builder_version=&#8221;4.16&#8243; global_colors_info=&#8221;{}&#8221;][et_pb_column type=&#8221;4_4&#8243; _builder_version=&#8221;4.16&#8243; custom_padding=&#8221;|||&#8221; global_colors_info=&#8221;{}&#8221; custom_padding__hover=&#8221;|||&#8221;][et_pb_post_title meta=&#8221;off&#8221; featured_image=&#8221;off&#8221; _builder_version=&#8221;4.16&#8243; global_colors_info=&#8221;{}&#8221;][\/et_pb_post_title][et_pb_text _builder_version=&#8221;4.16&#8243; global_colors_info=&#8221;{}&#8221;]<\/p>\n<h3>Trung t\u00e2m Nghi\u00ean c\u1ee9u v\u00e0 Gi\u00e1o d\u1ee5c Lao \u0111\u1ed9ng Bang Washington<br \/>C\u01a1 s\u1edf Georgetown c\u1ee7a tr\u01b0\u1eddng Cao \u0111\u1eb3ng Nam Seattle<\/h3>\n<p>6737 Corson Ave S<br \/>Nh\u00e0 B Ph\u00f2ng 106<br \/>Seattle, WA 98108<\/p>\n<p><em>\u0110i\u1ec7n tho\u1ea1i:<\/em> <a href=\"tel:206-934-6671\">206.934.6671<\/a><br \/><em>Trang web:<\/em> <a href=\"http:\/\/www.walaborcenter.org\">www.walaborcenter.org<\/a><br \/><a href=\"http:\/\/eepurl.com\/g9HnfP\">B\u1ea5m v\u00e0o \u0111\u00e2y \u0111\u1ec3 \u0111\u0103ng k\u00fd nh\u1eadn b\u1ea3n tin email c\u1ee7a ch\u00fang t\u00f4i<\/a><strong><br \/><\/strong><\/p>\n<p>B\u1ea1n c\u00f3 \u00fd ki\u1ebfn \u200b\u200b\u200b\u200bho\u1eb7c c\u00e2u h\u1ecfi? H\u00e3y ho\u00e0n th\u00e0nh m\u1eabu \u0111\u01a1n d\u01b0\u1edbi d\u00e2y:<\/p>\n<p>[\/et_pb_text][\/et_pb_column][\/et_pb_row][\/et_pb_section][et_pb_section fb_built=&#8221;1&#8243; _builder_version=&#8221;4.16&#8243; background_color=&#8221;#eeeeee&#8221; background_color_gradient_direction=&#8221;90deg&#8221; custom_margin=&#8221;0px||0px&#8221; custom_padding=&#8221;0px|0px|0px|0px|false|false&#8221; locked=&#8221;off&#8221; global_colors_info=&#8221;{}&#8221;][et_pb_row column_structure=&#8221;1_3,1_3,1_3&#8243; use_custom_gutter=&#8221;on&#8221; gutter_width=&#8221;1&#8243; _builder_version=&#8221;4.16&#8243; width=&#8221;100%&#8221; max_width=&#8221;100%&#8221; custom_padding=&#8221;0px||0px&#8221; global_colors_info=&#8221;{}&#8221;][et_pb_column type=&#8221;1_3&#8243; _builder_version=&#8221;4.16&#8243; background_color=&#8221;#dd0e3b&#8221; custom_padding=&#8221;100px|40px|100px|40px&#8221; global_colors_info=&#8221;{}&#8221; custom_padding__hover=&#8221;|||&#8221;][et_pb_text _builder_version=&#8221;4.16&#8243; text_font=&#8221;||||||||&#8221; header_font=&#8221;||||||||&#8221; header_text_color=&#8221;#f7f7f7&#8243; header_font_size=&#8221;40px&#8221; header_3_font=&#8221;||||||||&#8221; header_3_text_color=&#8221;#f7f7f7&#8243; header_3_font_size=&#8221;42px&#8221; header_3_line_height=&#8221;1.3em&#8221; text_orientation=&#8221;center&#8221; custom_margin=&#8221;||40px&#8221; text_text_align=&#8221;center&#8221; global_colors_info=&#8221;{}&#8221;]<\/p>\n<h3>Kh\u00e1m ph\u00e1 c\u1ee7a b\u1ea1n<br \/>\n5 quy\u1ec1n c\u01a1 b\u1ea3n<\/h3>\n<p>[\/et_pb_text][et_pb_button button_url=&#8221;https:\/\/rightsatworkwa.org\/vi\/biet-quyen-cua-ban\/&#8221; button_text=&#8221;Kh\u00e1m ph\u00e1 quy\u1ec1n c\u1ee7a b\u1ea1n&#8221; button_alignment=&#8221;center&#8221; _builder_version=&#8221;4.16&#8243; custom_button=&#8221;on&#8221; button_text_color=&#8221;#dd0e3b&#8221; button_bg_color=&#8221;#f7f7f7&#8243; button_border_width=&#8221;0px&#8221; button_font=&#8221;||||||||&#8221; button_icon=&#8221;&#x55;||divi||400&#8243; button_icon_color=&#8221;#dd0e3b&#8221; box_shadow_style=&#8221;preset2&#8243; global_colors_info=&#8221;{}&#8221;][\/et_pb_button][\/et_pb_column][et_pb_column type=&#8221;1_3&#8243; _builder_version=&#8221;4.16&#8243; background_color=&#8221;#d1d1d1&#8243; custom_padding=&#8221;100px|40px|100px|40px&#8221; global_colors_info=&#8221;{}&#8221; custom_padding__hover=&#8221;|||&#8221;][et_pb_text _builder_version=&#8221;4.16&#8243; text_font=&#8221;||||||||&#8221; header_font=&#8221;||||||||&#8221; header_text_color=&#8221;#f7f7f7&#8243; header_font_size=&#8221;40px&#8221; header_3_font=&#8221;||||||||&#8221; header_3_text_color=&#8221;#7a152d&#8221; header_3_font_size=&#8221;42px&#8221; header_3_line_height=&#8221;1.3em&#8221; text_orientation=&#8221;center&#8221; custom_margin=&#8221;||40px&#8221; text_text_align=&#8221;center&#8221; global_colors_info=&#8221;{}&#8221;]<\/p>\n<h3>Xem\/T\u1ea3i xu\u1ed1ng<br \/>\nH\u01b0\u1edbng d\u1eabn s\u1eed d\u1ee5ng \u0111\u1ea7y \u0111\u1ee7<\/h3>\n<p>[\/et_pb_text][et_pb_button button_url=&#8221;https:\/\/rightsatworkwa.org\/vi\/huong-dan-day-du-ve-quyen-cua-nguoi-lao-dong-tieu-bang-washington\/&#8221; button_text=&#8221;Xem h\u01b0\u1edbng d\u1eabn \u0111\u1ea7y \u0111\u1ee7&#8221; button_alignment=&#8221;center&#8221; _builder_version=&#8221;4.16&#8243; custom_button=&#8221;on&#8221; button_text_color=&#8221;#7a152d&#8221; button_bg_color=&#8221;#f7f7f7&#8243; button_border_width=&#8221;0px&#8221; button_font=&#8221;||||||||&#8221; button_icon=&#8221;&#x69;||divi||400&#8243; button_icon_color=&#8221;#7a152d&#8221; box_shadow_style=&#8221;preset2&#8243; global_colors_info=&#8221;{}&#8221;][\/et_pb_button][\/et_pb_column][et_pb_column type=&#8221;1_3&#8243; _builder_version=&#8221;4.16&#8243; background_color=&#8221;#196ec2&#8243; custom_padding=&#8221;100px|40px|100px|40px&#8221; global_colors_info=&#8221;{}&#8221; custom_padding__hover=&#8221;|||&#8221;][et_pb_text _builder_version=&#8221;4.16&#8243; text_font=&#8221;||||||||&#8221; header_font=&#8221;||||||||&#8221; header_text_color=&#8221;#f7f7f7&#8243; header_font_size=&#8221;40px&#8221; header_3_font=&#8221;||||||||&#8221; header_3_text_color=&#8221;#f7f7f7&#8243; header_3_font_size=&#8221;42px&#8221; header_3_line_height=&#8221;1.3em&#8221; text_orientation=&#8221;center&#8221; custom_margin=&#8221;||40px&#8221; text_text_align=&#8221;center&#8221; global_colors_info=&#8221;{}&#8221;]<\/p>\n<h3>Chia s\u1ebb v\u1edbi<br \/>\n\u0111\u1ed3ng nghi\u1ec7p<\/h3>\n<p>[\/et_pb_text][et_pb_button button_url=&#8221;https:\/\/www.addtoany.com\/share#url=http%3A%2F%2Flerc-dev.flywheelsites.com%2F&#8221; url_new_window=&#8221;on&#8221; button_text=&#8221;Cho h\u1ecd bi\u1ebft&#8221; button_alignment=&#8221;center&#8221; _builder_version=&#8221;4.16&#8243; custom_button=&#8221;on&#8221; button_text_color=&#8221;#196ec2&#8243; button_bg_color=&#8221;#f7f7f7&#8243; button_border_width=&#8221;0px&#8221; button_font=&#8221;||||||||&#8221; button_icon=&#8221;&#xe02b;||divi||400&#8243; button_icon_color=&#8221;#196ec2&#8243; box_shadow_style=&#8221;preset2&#8243; global_colors_info=&#8221;{}&#8221;][\/et_pb_button][\/et_pb_column][\/et_pb_row][\/et_pb_section]<\/p>\n","protected":false},"excerpt":{"rendered":"<p>Trung t\u00e2m Nghi\u00ean c\u1ee9u v\u00e0 Gi\u00e1o d\u1ee5c Lao \u0111\u1ed9ng Bang WashingtonC\u01a1 s\u1edf Georgetown c\u1ee7a tr\u01b0\u1eddng Cao \u0111\u1eb3ng Nam Seattle 6737 Corson Ave SNh\u00e0 B Ph\u00f2ng 106Seattle, WA 98108 \u0110i\u1ec7n tho\u1ea1i: 206.934.6671Trang web: www.walaborcenter.orgB\u1ea5m v\u00e0o \u0111\u00e2y \u0111\u1ec3 \u0111\u0103ng k\u00fd nh\u1eadn b\u1ea3n tin email c\u1ee7a ch\u00fang t\u00f4i B\u1ea1n c\u00f3 \u00fd ki\u1ebfn \u200b\u200b\u200b\u200bho\u1eb7c c\u00e2u h\u1ecfi? H\u00e3y ho\u00e0n th\u00e0nh [&hellip;]<\/p>\n","protected":false},"author":13,"featured_media":5603,"parent":0,"menu_order":0,"comment_status":"closed","ping_status":"closed","template":"","meta":{"_acf_changed":false,"nf_dc_page":"","_et_pb_use_builder":"on","_et_pb_old_content":"","_et_gb_content_width":"","_relevanssi_hide_post":"","_relevanssi_hide_content":"","_relevanssi_pin_for_all":"","_relevanssi_pin_keywords":"","_relevanssi_unpin_keywords":"","_relevanssi_related_keywords":"","_relevanssi_related_include_ids":"","_relevanssi_related_exclude_ids":"","_relevanssi_related_no_append":"","_relevanssi_related_not_related":"","_relevanssi_related_posts":"","_relevanssi_noindex_reason":"","footnotes":""},"class_list":["post-5602","page","type-page","status-publish","has-post-thumbnail","hentry"],"acf":[],"yoast_head":"<!-- This site is optimized with the Yoast SEO plugin v27.4 - https:\/\/yoast.com\/product\/yoast-seo-wordpress\/ -->\n<title>Li\u00ean h\u1ec7 ch\u00fang t\u00f4i - Washington State Workers&#039; Rights Manual<\/title>\n<meta name=\"description\" content=\"S\u1ee9 m\u1ec7nh c\u1ee7a Trung t\u00e2m Nghi\u00ean c\u1ee9u v\u00e0 Gi\u00e1o d\u1ee5c Lao \u0111\u1ed9ng Bang Washington l\u00e0 cung c\u1ea5p c\u00e1c ch\u01b0\u01a1ng tr\u00ecnh gi\u00e1o d\u1ee5c v\u00e0 \u0111\u00e0o t\u1ea1o ch\u1ea5t l\u01b0\u1ee3ng cao cho ph\u1ee5 n\u1eef v\u00e0 nam gi\u1edbi \u0111ang l\u00e0m vi\u1ec7c c\u1ee7a Bang Washington.\" \/>\n<meta name=\"robots\" content=\"index, follow, max-snippet:-1, max-image-preview:large, max-video-preview:-1\" \/>\n<link rel=\"canonical\" href=\"https:\/\/rightsatworkwa.org\/vi\/lien-he-chung-toi\/\" \/>\n<meta property=\"og:locale\" content=\"vi_VN\" \/>\n<meta property=\"og:type\" content=\"article\" \/>\n<meta property=\"og:title\" content=\"Li\u00ean h\u1ec7 ch\u00fang t\u00f4i\" \/>\n<meta property=\"og:description\" content=\"S\u1ee9 m\u1ec7nh c\u1ee7a Trung t\u00e2m Nghi\u00ean c\u1ee9u v\u00e0 Gi\u00e1o d\u1ee5c Lao \u0111\u1ed9ng Bang Washington l\u00e0 cung c\u1ea5p c\u00e1c ch\u01b0\u01a1ng tr\u00ecnh gi\u00e1o d\u1ee5c v\u00e0 \u0111\u00e0o t\u1ea1o ch\u1ea5t l\u01b0\u1ee3ng cao cho ph\u1ee5 n\u1eef v\u00e0 nam gi\u1edbi \u0111ang l\u00e0m vi\u1ec7c c\u1ee7a Bang Washington.\" \/>\n<meta property=\"og:url\" content=\"https:\/\/rightsatworkwa.org\/vi\/lien-he-chung-toi\/\" \/>\n<meta property=\"og:site_name\" content=\"Washington State Workers&#039; Rights Manual\" \/>\n<meta property=\"article:publisher\" content=\"https:\/\/www.facebook.com\/WALaborCenter\/\" \/>\n<meta property=\"article:modified_time\" content=\"2024-07-10T23:17:12+00:00\" \/>\n<meta property=\"og:image\" content=\"https:\/\/rightsatworkwa.org\/wp-content\/uploads\/2019\/08\/Rights-At-Work-WA-Featured-Image.png\" \/>\n<meta name=\"twitter:card\" content=\"summary_large_image\" \/>\n<meta name=\"twitter:title\" content=\"Li\u00ean h\u1ec7 ch\u00fang t\u00f4i\" \/>\n<meta name=\"twitter:description\" content=\"S\u1ee9 m\u1ec7nh c\u1ee7a Trung t\u00e2m Nghi\u00ean c\u1ee9u v\u00e0 Gi\u00e1o d\u1ee5c Lao \u0111\u1ed9ng Bang Washington l\u00e0 cung c\u1ea5p c\u00e1c ch\u01b0\u01a1ng tr\u00ecnh gi\u00e1o d\u1ee5c v\u00e0 \u0111\u00e0o t\u1ea1o ch\u1ea5t l\u01b0\u1ee3ng cao cho ph\u1ee5 n\u1eef v\u00e0 nam gi\u1edbi \u0111ang l\u00e0m vi\u1ec7c c\u1ee7a Bang Washington.\" \/>\n<meta name=\"twitter:image\" content=\"https:\/\/rightsatworkwa.org\/wp-content\/uploads\/2019\/08\/Rights-At-Work-WA-Featured-Image.png\" \/>\n<meta name=\"twitter:site\" content=\"@walaborcenter\" \/>\n<meta name=\"twitter:label1\" content=\"Est. reading time\" \/>\n\t<meta name=\"twitter:data1\" content=\"3 minutes\" \/>\n<script type=\"application\/ld+json\" class=\"yoast-schema-graph\">{\"@context\":\"https:\\\/\\\/schema.org\",\"@graph\":[{\"@type\":\"WebPage\",\"@id\":\"https:\\\/\\\/rightsatworkwa.org\\\/vi\\\/lien-he-chung-toi\\\/\",\"url\":\"https:\\\/\\\/rightsatworkwa.org\\\/vi\\\/lien-he-chung-toi\\\/\",\"name\":\"Li\u00ean h\u1ec7 ch\u00fang t\u00f4i - Washington State Workers&#039; Rights Manual\",\"isPartOf\":{\"@id\":\"https:\\\/\\\/rightsatworkwa.org\\\/vi\\\/#website\"},\"primaryImageOfPage\":{\"@id\":\"https:\\\/\\\/rightsatworkwa.org\\\/vi\\\/lien-he-chung-toi\\\/#primaryimage\"},\"image\":{\"@id\":\"https:\\\/\\\/rightsatworkwa.org\\\/vi\\\/lien-he-chung-toi\\\/#primaryimage\"},\"thumbnailUrl\":\"https:\\\/\\\/rightsatworkwa.org\\\/wp-content\\\/uploads\\\/2019\\\/08\\\/Rights-At-Work-WA-Featured-Image.png\",\"datePublished\":\"2019-02-27T18:30:00+00:00\",\"dateModified\":\"2024-07-10T23:17:12+00:00\",\"description\":\"S\u1ee9 m\u1ec7nh c\u1ee7a Trung t\u00e2m Nghi\u00ean c\u1ee9u v\u00e0 Gi\u00e1o d\u1ee5c Lao \u0111\u1ed9ng Bang Washington l\u00e0 cung c\u1ea5p c\u00e1c ch\u01b0\u01a1ng tr\u00ecnh gi\u00e1o d\u1ee5c v\u00e0 \u0111\u00e0o t\u1ea1o ch\u1ea5t l\u01b0\u1ee3ng cao cho ph\u1ee5 n\u1eef v\u00e0 nam gi\u1edbi \u0111ang l\u00e0m vi\u1ec7c c\u1ee7a Bang Washington.\",\"inLanguage\":\"vi-VN\",\"potentialAction\":[{\"@type\":\"ReadAction\",\"target\":[\"https:\\\/\\\/rightsatworkwa.org\\\/vi\\\/lien-he-chung-toi\\\/\"]}]},{\"@type\":\"ImageObject\",\"inLanguage\":\"vi-VN\",\"@id\":\"https:\\\/\\\/rightsatworkwa.org\\\/vi\\\/lien-he-chung-toi\\\/#primaryimage\",\"url\":\"https:\\\/\\\/rightsatworkwa.org\\\/wp-content\\\/uploads\\\/2019\\\/08\\\/Rights-At-Work-WA-Featured-Image.png\",\"contentUrl\":\"https:\\\/\\\/rightsatworkwa.org\\\/wp-content\\\/uploads\\\/2019\\\/08\\\/Rights-At-Work-WA-Featured-Image.png\",\"width\":1024,\"height\":594},{\"@type\":\"WebSite\",\"@id\":\"https:\\\/\\\/rightsatworkwa.org\\\/vi\\\/#website\",\"url\":\"https:\\\/\\\/rightsatworkwa.org\\\/vi\\\/\",\"name\":\"Washington State Workers&#039; Rights Manual\",\"description\":\"This website is home to the Washington State Workers\u2019 Rights Manual and provides an easy overview of everyone\u2019s Workplace Rights.\",\"publisher\":{\"@id\":\"https:\\\/\\\/rightsatworkwa.org\\\/vi\\\/#organization\"},\"potentialAction\":[{\"@type\":\"SearchAction\",\"target\":{\"@type\":\"EntryPoint\",\"urlTemplate\":\"https:\\\/\\\/rightsatworkwa.org\\\/vi\\\/?s={search_term_string}\"},\"query-input\":{\"@type\":\"PropertyValueSpecification\",\"valueRequired\":true,\"valueName\":\"search_term_string\"}}],\"inLanguage\":\"vi-VN\"},{\"@type\":\"Organization\",\"@id\":\"https:\\\/\\\/rightsatworkwa.org\\\/vi\\\/#organization\",\"name\":\"Washington Labor Education and Research Center\",\"url\":\"https:\\\/\\\/rightsatworkwa.org\\\/vi\\\/\",\"logo\":{\"@type\":\"ImageObject\",\"inLanguage\":\"vi-VN\",\"@id\":\"https:\\\/\\\/rightsatworkwa.org\\\/vi\\\/#\\\/schema\\\/logo\\\/image\\\/\",\"url\":\"https:\\\/\\\/rightsatworkwa.org\\\/wp-content\\\/uploads\\\/2019\\\/07\\\/LERC-SSC-Logo.png\",\"contentUrl\":\"https:\\\/\\\/rightsatworkwa.org\\\/wp-content\\\/uploads\\\/2019\\\/07\\\/LERC-SSC-Logo.png\",\"width\":863,\"height\":1097,\"caption\":\"Washington Labor Education and Research Center\"},\"image\":{\"@id\":\"https:\\\/\\\/rightsatworkwa.org\\\/vi\\\/#\\\/schema\\\/logo\\\/image\\\/\"},\"sameAs\":[\"https:\\\/\\\/www.facebook.com\\\/WALaborCenter\\\/\",\"https:\\\/\\\/x.com\\\/walaborcenter\",\"https:\\\/\\\/www.instagram.com\\\/walaborcenter\\\/\"]}]}<\/script>\n<!-- \/ Yoast SEO plugin. -->","yoast_head_json":{"title":"Li\u00ean h\u1ec7 ch\u00fang t\u00f4i - Washington State Workers&#039; Rights Manual","description":"S\u1ee9 m\u1ec7nh c\u1ee7a Trung t\u00e2m Nghi\u00ean c\u1ee9u v\u00e0 Gi\u00e1o d\u1ee5c Lao \u0111\u1ed9ng Bang Washington l\u00e0 cung c\u1ea5p c\u00e1c ch\u01b0\u01a1ng tr\u00ecnh gi\u00e1o d\u1ee5c v\u00e0 \u0111\u00e0o t\u1ea1o ch\u1ea5t l\u01b0\u1ee3ng cao cho ph\u1ee5 n\u1eef v\u00e0 nam gi\u1edbi \u0111ang l\u00e0m vi\u1ec7c c\u1ee7a Bang Washington.","robots":{"index":"index","follow":"follow","max-snippet":"max-snippet:-1","max-image-preview":"max-image-preview:large","max-video-preview":"max-video-preview:-1"},"canonical":"https:\/\/rightsatworkwa.org\/vi\/lien-he-chung-toi\/","og_locale":"vi_VN","og_type":"article","og_title":"Li\u00ean h\u1ec7 ch\u00fang t\u00f4i","og_description":"S\u1ee9 m\u1ec7nh c\u1ee7a Trung t\u00e2m Nghi\u00ean c\u1ee9u v\u00e0 Gi\u00e1o d\u1ee5c Lao \u0111\u1ed9ng Bang Washington l\u00e0 cung c\u1ea5p c\u00e1c ch\u01b0\u01a1ng tr\u00ecnh gi\u00e1o d\u1ee5c v\u00e0 \u0111\u00e0o t\u1ea1o ch\u1ea5t l\u01b0\u1ee3ng cao cho ph\u1ee5 n\u1eef v\u00e0 nam gi\u1edbi \u0111ang l\u00e0m vi\u1ec7c c\u1ee7a Bang Washington.","og_url":"https:\/\/rightsatworkwa.org\/vi\/lien-he-chung-toi\/","og_site_name":"Washington State Workers&#039; Rights Manual","article_publisher":"https:\/\/www.facebook.com\/WALaborCenter\/","article_modified_time":"2024-07-10T23:17:12+00:00","og_image":[{"url":"https:\/\/rightsatworkwa.org\/wp-content\/uploads\/2019\/08\/Rights-At-Work-WA-Featured-Image.png","type":"","width":"","height":""}],"twitter_card":"summary_large_image","twitter_title":"Li\u00ean h\u1ec7 ch\u00fang t\u00f4i","twitter_description":"S\u1ee9 m\u1ec7nh c\u1ee7a Trung t\u00e2m Nghi\u00ean c\u1ee9u v\u00e0 Gi\u00e1o d\u1ee5c Lao \u0111\u1ed9ng Bang Washington l\u00e0 cung c\u1ea5p c\u00e1c ch\u01b0\u01a1ng tr\u00ecnh gi\u00e1o d\u1ee5c v\u00e0 \u0111\u00e0o t\u1ea1o ch\u1ea5t l\u01b0\u1ee3ng cao cho ph\u1ee5 n\u1eef v\u00e0 nam gi\u1edbi \u0111ang l\u00e0m vi\u1ec7c c\u1ee7a Bang Washington.","twitter_image":"https:\/\/rightsatworkwa.org\/wp-content\/uploads\/2019\/08\/Rights-At-Work-WA-Featured-Image.png","twitter_site":"@walaborcenter","twitter_misc":{"Est. reading time":"3 minutes"},"schema":{"@context":"https:\/\/schema.org","@graph":[{"@type":"WebPage","@id":"https:\/\/rightsatworkwa.org\/vi\/lien-he-chung-toi\/","url":"https:\/\/rightsatworkwa.org\/vi\/lien-he-chung-toi\/","name":"Li\u00ean h\u1ec7 ch\u00fang t\u00f4i - Washington State Workers&#039; Rights Manual","isPartOf":{"@id":"https:\/\/rightsatworkwa.org\/vi\/#website"},"primaryImageOfPage":{"@id":"https:\/\/rightsatworkwa.org\/vi\/lien-he-chung-toi\/#primaryimage"},"image":{"@id":"https:\/\/rightsatworkwa.org\/vi\/lien-he-chung-toi\/#primaryimage"},"thumbnailUrl":"https:\/\/rightsatworkwa.org\/wp-content\/uploads\/2019\/08\/Rights-At-Work-WA-Featured-Image.png","datePublished":"2019-02-27T18:30:00+00:00","dateModified":"2024-07-10T23:17:12+00:00","description":"S\u1ee9 m\u1ec7nh c\u1ee7a Trung t\u00e2m Nghi\u00ean c\u1ee9u v\u00e0 Gi\u00e1o d\u1ee5c Lao \u0111\u1ed9ng Bang Washington l\u00e0 cung c\u1ea5p c\u00e1c ch\u01b0\u01a1ng tr\u00ecnh gi\u00e1o d\u1ee5c v\u00e0 \u0111\u00e0o t\u1ea1o ch\u1ea5t l\u01b0\u1ee3ng cao cho ph\u1ee5 n\u1eef v\u00e0 nam gi\u1edbi \u0111ang l\u00e0m vi\u1ec7c c\u1ee7a Bang Washington.","inLanguage":"vi-VN","potentialAction":[{"@type":"ReadAction","target":["https:\/\/rightsatworkwa.org\/vi\/lien-he-chung-toi\/"]}]},{"@type":"ImageObject","inLanguage":"vi-VN","@id":"https:\/\/rightsatworkwa.org\/vi\/lien-he-chung-toi\/#primaryimage","url":"https:\/\/rightsatworkwa.org\/wp-content\/uploads\/2019\/08\/Rights-At-Work-WA-Featured-Image.png","contentUrl":"https:\/\/rightsatworkwa.org\/wp-content\/uploads\/2019\/08\/Rights-At-Work-WA-Featured-Image.png","width":1024,"height":594},{"@type":"WebSite","@id":"https:\/\/rightsatworkwa.org\/vi\/#website","url":"https:\/\/rightsatworkwa.org\/vi\/","name":"Washington State Workers&#039; Rights Manual","description":"This website is home to the Washington State Workers\u2019 Rights Manual and provides an easy overview of everyone\u2019s Workplace Rights.","publisher":{"@id":"https:\/\/rightsatworkwa.org\/vi\/#organization"},"potentialAction":[{"@type":"SearchAction","target":{"@type":"EntryPoint","urlTemplate":"https:\/\/rightsatworkwa.org\/vi\/?s={search_term_string}"},"query-input":{"@type":"PropertyValueSpecification","valueRequired":true,"valueName":"search_term_string"}}],"inLanguage":"vi-VN"},{"@type":"Organization","@id":"https:\/\/rightsatworkwa.org\/vi\/#organization","name":"Washington Labor Education and Research Center","url":"https:\/\/rightsatworkwa.org\/vi\/","logo":{"@type":"ImageObject","inLanguage":"vi-VN","@id":"https:\/\/rightsatworkwa.org\/vi\/#\/schema\/logo\/image\/","url":"https:\/\/rightsatworkwa.org\/wp-content\/uploads\/2019\/07\/LERC-SSC-Logo.png","contentUrl":"https:\/\/rightsatworkwa.org\/wp-content\/uploads\/2019\/07\/LERC-SSC-Logo.png","width":863,"height":1097,"caption":"Washington Labor Education and Research Center"},"image":{"@id":"https:\/\/rightsatworkwa.org\/vi\/#\/schema\/logo\/image\/"},"sameAs":["https:\/\/www.facebook.com\/WALaborCenter\/","https:\/\/x.com\/walaborcenter","https:\/\/www.instagram.com\/walaborcenter\/"]}]}},"_links":{"self":[{"href":"https:\/\/rightsatworkwa.org\/vi\/wp-json\/wp\/v2\/pages\/5602","targetHints":{"allow":["GET"]}}],"collection":[{"href":"https:\/\/rightsatworkwa.org\/vi\/wp-json\/wp\/v2\/pages"}],"about":[{"href":"https:\/\/rightsatworkwa.org\/vi\/wp-json\/wp\/v2\/types\/page"}],"author":[{"embeddable":true,"href":"https:\/\/rightsatworkwa.org\/vi\/wp-json\/wp\/v2\/users\/13"}],"replies":[{"embeddable":true,"href":"https:\/\/rightsatworkwa.org\/vi\/wp-json\/wp\/v2\/comments?post=5602"}],"version-history":[{"count":5,"href":"https:\/\/rightsatworkwa.org\/vi\/wp-json\/wp\/v2\/pages\/5602\/revisions"}],"predecessor-version":[{"id":11087,"href":"https:\/\/rightsatworkwa.org\/vi\/wp-json\/wp\/v2\/pages\/5602\/revisions\/11087"}],"wp:featuredmedia":[{"embeddable":true,"href":"https:\/\/rightsatworkwa.org\/vi\/wp-json\/wp\/v2\/media\/5603"}],"wp:attachment":[{"href":"https:\/\/rightsatworkwa.org\/vi\/wp-json\/wp\/v2\/media?parent=5602"}],"curies":[{"name":"wp","href":"https:\/\/api.w.org\/{rel}","templated":true}]}}